{"id":1181,"date":"2018-06-07T05:37:15","date_gmt":"2018-06-07T05:37:15","guid":{"rendered":"https:\/\/vycobrasciviles.cl\/sitiodeprueba\/?page_id=1181"},"modified":"2023-07-09T20:13:13","modified_gmt":"2023-07-09T20:13:13","slug":"servicios","status":"publish","type":"page","link":"https:\/\/vycobrasciviles.cl\/?page_id=1181","title":{"rendered":"Servicios"},"content":{"rendered":"\t\t<div data-elementor-type=\"wp-post\" data-elementor-id=\"1181\" class=\"elementor elementor-1181\">\n\t\t\t\t\t\t\t\t\t<section class=\"elementor-section elementor-top-section elementor-element elementor-element-f756a8f elementor-section-boxed elementor-section-height-default elementor-section-height-default\" data-id=\"f756a8f\" data-element_type=\"section\" data-settings=\"{&quot;background_background&quot;:&quot;classic&quot;}\" data-e-bg-lazyload=\"\">\n\t\t\t\t\t\t\t<div class=\"elementor-background-overlay\"><\/div>\n\t\t\t\t\t\t\t<div class=\"elementor-container elementor-column-gap-default\">\n\t\t\t\t\t<div class=\"elementor-column elementor-col-100 elementor-top-column elementor-element elementor-element-0817830\" data-id=\"0817830\" data-element_type=\"column\">\n\t\t\t<div class=\"elementor-widget-wrap elementor-element-populated\">\n\t\t\t\t\t\t\t\t<div class=\"elementor-element elementor-element-0e707d2 elementor-widget elementor-widget-heading\" data-id=\"0e707d2\" data-element_type=\"widget\" data-widget_type=\"heading.default\">\n\t\t\t\t<div class=\"elementor-widget-container\">\n\t\t\t<style>\/*! elementor - v3.14.0 - 14-06-2023 *\/\n.elementor-heading-title{padding:0;margin:0;line-height:1}.elementor-widget-heading .elementor-heading-title[class*=elementor-size-]>a{color:inherit;font-size:inherit;line-height:inherit}.elementor-widget-heading .elementor-heading-title.elementor-size-small{font-size:15px}.elementor-widget-heading .elementor-heading-title.elementor-size-medium{font-size:19px}.elementor-widget-heading .elementor-heading-title.elementor-size-large{font-size:29px}.elementor-widget-heading .elementor-heading-title.elementor-size-xl{font-size:39px}.elementor-widget-heading .elementor-heading-title.elementor-size-xxl{font-size:59px}<\/style><h1 class=\"elementor-heading-title elementor-size-default\">Servicios<\/h1>\t\t<\/div>\n\t\t\t\t<\/div>\n\t\t\t\t\t<\/div>\n\t\t<\/div>\n\t\t\t\t\t\t\t<\/div>\n\t\t<\/section>\n\t\t\t\t<section class=\"elementor-section elementor-top-section elementor-element elementor-element-8e93477 elementor-section-boxed elementor-section-height-default elementor-section-height-default\" data-id=\"8e93477\" data-element_type=\"section\">\n\t\t\t\t\t\t<div class=\"elementor-container elementor-column-gap-default\">\n\t\t\t\t\t<div class=\"elementor-column elementor-col-100 elementor-top-column elementor-element elementor-element-54670ff\" data-id=\"54670ff\" data-element_type=\"column\">\n\t\t\t<div class=\"elementor-widget-wrap elementor-element-populated\">\n\t\t\t\t\t\t\t\t<div class=\"elementor-element elementor-element-72574b3 elementor-view-default elementor-vertical-align-top elementor-widget elementor-widget-icon-box\" data-id=\"72574b3\" data-element_type=\"widget\" data-widget_type=\"icon-box.default\">\n\t\t\t\t<div class=\"elementor-widget-container\">\n\t\t\t<link rel=\"stylesheet\" href=\"https:\/\/vycobrasciviles.cl\/wp-content\/plugins\/elementor\/assets\/css\/widget-icon-box.min.css\">\t\t<div class=\"elementor-icon-box-wrapper\">\n\t\t\t\t\t\t<div class=\"elementor-icon-box-content\">\n\t\t\t\t<h2 class=\"elementor-icon-box-title\">\n\t\t\t\t\t<span  >\n\t\t\t\t\t\tNuestros Servicios\t\t\t\t\t<\/span>\n\t\t\t\t<\/h2>\n\t\t\t\t\t\t\t<\/div>\n\t\t<\/div>\n\t\t\t\t<\/div>\n\t\t\t\t<\/div>\n\t\t\t\t<section class=\"elementor-section elementor-inner-section elementor-element elementor-element-63ec4af elementor-section-boxed elementor-section-height-default elementor-section-height-default\" data-id=\"63ec4af\" data-element_type=\"section\">\n\t\t\t\t\t\t<div class=\"elementor-container elementor-column-gap-default\">\n\t\t\t\t\t<div class=\"elementor-column elementor-col-33 elementor-inner-column elementor-element elementor-element-05fa9e6\" data-id=\"05fa9e6\" data-element_type=\"column\">\n\t\t\t<div class=\"elementor-widget-wrap elementor-element-populated\">\n\t\t\t\t\t\t\t\t<div class=\"elementor-element elementor-element-3fb6314 elementor-widget__width-initial elementor-position-top elementor-vertical-align-top elementor-widget elementor-widget-image-box\" data-id=\"3fb6314\" data-element_type=\"widget\" data-widget_type=\"image-box.default\">\n\t\t\t\t<div class=\"elementor-widget-container\">\n\t\t\t<style>\/*! elementor - v3.14.0 - 14-06-2023 *\/\n.elementor-widget-image-box .elementor-image-box-content{width:100%}@media (min-width:768px){.elementor-widget-image-box.elementor-position-left .elementor-image-box-wrapper,.elementor-widget-image-box.elementor-position-right .elementor-image-box-wrapper{display:flex}.elementor-widget-image-box.elementor-position-right .elementor-image-box-wrapper{text-align:right;flex-direction:row-reverse}.elementor-widget-image-box.elementor-position-left .elementor-image-box-wrapper{text-align:left;flex-direction:row}.elementor-widget-image-box.elementor-position-top .elementor-image-box-img{margin:auto}.elementor-widget-image-box.elementor-vertical-align-top .elementor-image-box-wrapper{align-items:flex-start}.elementor-widget-image-box.elementor-vertical-align-middle .elementor-image-box-wrapper{align-items:center}.elementor-widget-image-box.elementor-vertical-align-bottom .elementor-image-box-wrapper{align-items:flex-end}}@media (max-width:767px){.elementor-widget-image-box .elementor-image-box-img{margin-left:auto!important;margin-right:auto!important;margin-bottom:15px}}.elementor-widget-image-box .elementor-image-box-img{display:inline-block}.elementor-widget-image-box .elementor-image-box-title a{color:inherit}.elementor-widget-image-box .elementor-image-box-wrapper{text-align:center}.elementor-widget-image-box .elementor-image-box-description{margin:0}<\/style><div class=\"elementor-image-box-wrapper\"><figure class=\"elementor-image-box-img\"><img loading=\"lazy\" decoding=\"async\" width=\"120\" height=\"120\" src=\"https:\/\/vycobrasciviles.cl\/wp-content\/uploads\/2021\/03\/system-man.png\" class=\"attachment-full size-full wp-image-461\" alt=\"\" \/><\/figure><div class=\"elementor-image-box-content\"><h5 class=\"elementor-image-box-title\">Obras Civiles<\/h5><p class=\"elementor-image-box-description\">Construcci\u00f3n de infraestructuras s\u00f3lidas y funcionales.<\/p><\/div><\/div>\t\t<\/div>\n\t\t\t\t<\/div>\n\t\t\t\t\t<\/div>\n\t\t<\/div>\n\t\t\t\t<div class=\"elementor-column elementor-col-33 elementor-inner-column elementor-element elementor-element-48f5379\" data-id=\"48f5379\" data-element_type=\"column\">\n\t\t\t<div class=\"elementor-widget-wrap elementor-element-populated\">\n\t\t\t\t\t\t\t\t<div class=\"elementor-element elementor-element-4f1f302 elementor-position-top elementor-vertical-align-top elementor-widget elementor-widget-image-box\" data-id=\"4f1f302\" data-element_type=\"widget\" data-widget_type=\"image-box.default\">\n\t\t\t\t<div class=\"elementor-widget-container\">\n\t\t\t<div class=\"elementor-image-box-wrapper\"><figure class=\"elementor-image-box-img\"><img loading=\"lazy\" decoding=\"async\" width=\"120\" height=\"120\" src=\"https:\/\/vycobrasciviles.cl\/wp-content\/uploads\/2021\/03\/system.png\" class=\"attachment-full size-full wp-image-460\" alt=\"\" \/><\/figure><div class=\"elementor-image-box-content\"><h5 class=\"elementor-image-box-title\">Ingenier\u00eda El\u00e9ctrica<\/h5><p class=\"elementor-image-box-description\">Soluciones innovadoras en instalaciones el\u00e9ctricas.<\/p><\/div><\/div>\t\t<\/div>\n\t\t\t\t<\/div>\n\t\t\t\t\t<\/div>\n\t\t<\/div>\n\t\t\t\t<div class=\"elementor-column elementor-col-33 elementor-inner-column elementor-element elementor-element-1deea0d\" data-id=\"1deea0d\" data-element_type=\"column\">\n\t\t\t<div class=\"elementor-widget-wrap elementor-element-populated\">\n\t\t\t\t\t\t\t\t<div class=\"elementor-element elementor-element-e52adc7 elementor-position-top elementor-vertical-align-top elementor-widget elementor-widget-image-box\" data-id=\"e52adc7\" data-element_type=\"widget\" data-widget_type=\"image-box.default\">\n\t\t\t\t<div class=\"elementor-widget-container\">\n\t\t\t<div class=\"elementor-image-box-wrapper\"><figure class=\"elementor-image-box-img\"><img loading=\"lazy\" decoding=\"async\" width=\"120\" height=\"120\" src=\"https:\/\/vycobrasciviles.cl\/wp-content\/uploads\/2021\/03\/pipes.png\" class=\"attachment-full size-full wp-image-465\" alt=\"\" \/><\/figure><div class=\"elementor-image-box-content\"><h5 class=\"elementor-image-box-title\">Obras Sanitarias<\/h5><p class=\"elementor-image-box-description\">Suministro seguro de agua y manejo de aguas residuales.<\/p><\/div><\/div>\t\t<\/div>\n\t\t\t\t<\/div>\n\t\t\t\t\t<\/div>\n\t\t<\/div>\n\t\t\t\t\t\t\t<\/div>\n\t\t<\/section>\n\t\t\t\t<section class=\"elementor-section elementor-inner-section elementor-element elementor-element-e4eee27 elementor-section-boxed elementor-section-height-default elementor-section-height-default\" data-id=\"e4eee27\" data-element_type=\"section\">\n\t\t\t\t\t\t<div class=\"elementor-container elementor-column-gap-default\">\n\t\t\t\t\t<div class=\"elementor-column elementor-col-33 elementor-inner-column elementor-element elementor-element-c01667e\" data-id=\"c01667e\" data-element_type=\"column\">\n\t\t\t<div class=\"elementor-widget-wrap elementor-element-populated\">\n\t\t\t\t\t\t\t\t<div class=\"elementor-element elementor-element-eeffefc elementor-position-top elementor-vertical-align-top elementor-widget elementor-widget-image-box\" data-id=\"eeffefc\" data-element_type=\"widget\" data-widget_type=\"image-box.default\">\n\t\t\t\t<div class=\"elementor-widget-container\">\n\t\t\t<div class=\"elementor-image-box-wrapper\"><figure class=\"elementor-image-box-img\"><img loading=\"lazy\" decoding=\"async\" width=\"80\" height=\"80\" src=\"https:\/\/vycobrasciviles.cl\/wp-content\/uploads\/2021\/03\/tools.png\" class=\"attachment-full size-full wp-image-433\" alt=\"\" \/><\/figure><div class=\"elementor-image-box-content\"><h5 class=\"elementor-image-box-title\">Proyectos Mineros<\/h5><p class=\"elementor-image-box-description\">Explotaci\u00f3n y procesamiento responsable de minerales.\u200b\u200b\u200b<\/p><\/div><\/div>\t\t<\/div>\n\t\t\t\t<\/div>\n\t\t\t\t\t<\/div>\n\t\t<\/div>\n\t\t\t\t<div class=\"elementor-column elementor-col-33 elementor-inner-column elementor-element elementor-element-31eb119\" data-id=\"31eb119\" data-element_type=\"column\">\n\t\t\t<div class=\"elementor-widget-wrap elementor-element-populated\">\n\t\t\t\t\t\t\t\t<div class=\"elementor-element elementor-element-fbfe999 elementor-position-top elementor-vertical-align-top elementor-widget elementor-widget-image-box\" data-id=\"fbfe999\" data-element_type=\"widget\" data-widget_type=\"image-box.default\">\n\t\t\t\t<div class=\"elementor-widget-container\">\n\t\t\t<div class=\"elementor-image-box-wrapper\"><figure class=\"elementor-image-box-img\"><img loading=\"lazy\" decoding=\"async\" width=\"120\" height=\"120\" src=\"https:\/\/vycobrasciviles.cl\/wp-content\/uploads\/2021\/03\/kitchen-fan.png\" class=\"attachment-full size-full wp-image-473\" alt=\"\" \/><\/figure><div class=\"elementor-image-box-content\"><h5 class=\"elementor-image-box-title\">Climatizaci\u00f3n<\/h5><p class=\"elementor-image-box-description\">Ambientes confortables y eficientes en edificaciones.<\/p><\/div><\/div>\t\t<\/div>\n\t\t\t\t<\/div>\n\t\t\t\t\t<\/div>\n\t\t<\/div>\n\t\t\t\t<div class=\"elementor-column elementor-col-33 elementor-inner-column elementor-element elementor-element-ff1850a\" data-id=\"ff1850a\" data-element_type=\"column\">\n\t\t\t<div class=\"elementor-widget-wrap elementor-element-populated\">\n\t\t\t\t\t\t\t\t<div class=\"elementor-element elementor-element-ecd8825 elementor-position-top elementor-vertical-align-top elementor-widget elementor-widget-image-box\" data-id=\"ecd8825\" data-element_type=\"widget\" data-widget_type=\"image-box.default\">\n\t\t\t\t<div class=\"elementor-widget-container\">\n\t\t\t<div class=\"elementor-image-box-wrapper\"><figure class=\"elementor-image-box-img\"><img loading=\"lazy\" decoding=\"async\" width=\"120\" height=\"120\" src=\"https:\/\/vycobrasciviles.cl\/wp-content\/uploads\/2021\/03\/systems.png\" class=\"attachment-full size-full wp-image-477\" alt=\"\" \/><\/figure><div class=\"elementor-image-box-content\"><h5 class=\"elementor-image-box-title\">Pavimentaci\u00f3n<\/h5><p class=\"elementor-image-box-description\">Superficies duraderas y seguras para la circulaci\u00f3n..\u200b\u200b\u200b<\/p><\/div><\/div>\t\t<\/div>\n\t\t\t\t<\/div>\n\t\t\t\t\t<\/div>\n\t\t<\/div>\n\t\t\t\t\t\t\t<\/div>\n\t\t<\/section>\n\t\t\t\t\t<\/div>\n\t\t<\/div>\n\t\t\t\t\t\t\t<\/div>\n\t\t<\/section>\n\t\t\t\t<section class=\"elementor-section elementor-top-section elementor-element elementor-element-aaf511f elementor-section-content-middle elementor-section-boxed elementor-section-height-default elementor-section-height-default\" data-id=\"aaf511f\" data-element_type=\"section\" data-settings=\"{&quot;background_background&quot;:&quot;gradient&quot;}\">\n\t\t\t\t\t\t<div class=\"elementor-container elementor-column-gap-no\">\n\t\t\t\t\t<div class=\"elementor-column elementor-col-50 elementor-top-column elementor-element elementor-element-188984a\" data-id=\"188984a\" data-element_type=\"column\">\n\t\t\t<div class=\"elementor-widget-wrap\">\n\t\t\t\t\t\t\t\t\t<\/div>\n\t\t<\/div>\n\t\t\t\t<div class=\"elementor-column elementor-col-50 elementor-top-column elementor-element elementor-element-3cd9795\" data-id=\"3cd9795\" data-element_type=\"column\" data-settings=\"{&quot;background_background&quot;:&quot;classic&quot;}\">\n\t\t\t<div class=\"elementor-widget-wrap\">\n\t\t\t\t\t\t\t\t\t<\/div>\n\t\t<\/div>\n\t\t\t\t\t\t\t<\/div>\n\t\t<\/section>\n\t\t\t\t<section class=\"elementor-section elementor-top-section elementor-element elementor-element-6fd11640 elementor-section-content-middle elementor-section-boxed elementor-section-height-default elementor-section-height-default\" data-id=\"6fd11640\" data-element_type=\"section\" data-settings=\"{&quot;background_background&quot;:&quot;classic&quot;}\">\n\t\t\t\t\t\t<div class=\"elementor-container elementor-column-gap-default\">\n\t\t\t\t\t<div class=\"elementor-column elementor-col-66 elementor-top-column elementor-element elementor-element-410c0fb5\" data-id=\"410c0fb5\" data-element_type=\"column\">\n\t\t\t<div class=\"elementor-widget-wrap\">\n\t\t\t\t\t\t\t\t\t<\/div>\n\t\t<\/div>\n\t\t\t\t<div class=\"elementor-column elementor-col-33 elementor-top-column elementor-element elementor-element-abbfb03\" data-id=\"abbfb03\" data-element_type=\"column\">\n\t\t\t<div class=\"elementor-widget-wrap\">\n\t\t\t\t\t\t\t\t\t<\/div>\n\t\t<\/div>\n\t\t\t\t\t\t\t<\/div>\n\t\t<\/section>\n\t\t\t\t<section class=\"elementor-section elementor-top-section elementor-element elementor-element-41dad021 elementor-section-content-middle elementor-reverse-mobile elementor-section-boxed elementor-section-height-default elementor-section-height-default\" data-id=\"41dad021\" data-element_type=\"section\">\n\t\t\t\t\t\t<div class=\"elementor-container elementor-column-gap-no\">\n\t\t\t\t\t<div class=\"elementor-column elementor-col-100 elementor-top-column elementor-element elementor-element-73cd14b9\" data-id=\"73cd14b9\" data-element_type=\"column\">\n\t\t\t<div class=\"elementor-widget-wrap\">\n\t\t\t\t\t\t\t\t\t<\/div>\n\t\t<\/div>\n\t\t\t\t\t\t\t<\/div>\n\t\t<\/section>\n\t\t\t\t\t\t\t<\/div>\n\t\t","protected":false},"excerpt":{"rendered":"<p>Servicios Nuestros Servicios Obras Civiles Construcci\u00f3n de infraestructuras s\u00f3lidas y funcionales. Ingenier\u00eda El\u00e9ctrica Soluciones innovadoras en instalaciones el\u00e9ctricas. Obras Sanitarias Suministro seguro de agua y manejo de aguas residuales. Proyectos Mineros Explotaci\u00f3n y procesamiento responsable de minerales.\u200b\u200b\u200b Climatizaci\u00f3n Ambientes confortables y eficientes en edificaciones. Pavimentaci\u00f3n Superficies duraderas y seguras para la circulaci\u00f3n..\u200b\u200b\u200b<\/p>\n","protected":false},"author":1,"featured_media":0,"parent":0,"menu_order":0,"comment_status":"closed","ping_status":"closed","template":"","meta":{"_uag_custom_page_level_css":"","site-sidebar-layout":"no-sidebar","site-content-layout":"page-builder","ast-global-header-display":"","ast-banner-title-visibility":"","ast-main-header-display":"","ast-hfb-above-header-display":"","ast-hfb-below-header-display":"","ast-hfb-mobile-header-display":"","site-post-title":"disabled","ast-breadcrumbs-content":"","ast-featured-img":"disabled","footer-sml-layout":"","theme-transparent-header-meta":"","adv-header-id-meta":"","stick-header-meta":"","header-above-stick-meta":"","header-main-stick-meta":"","header-below-stick-meta":"","_joinchat":[],"footnotes":""},"class_list":["post-1181","page","type-page","status-publish","hentry"],"yoast_head":"<!-- This site is optimized with the Yoast SEO plugin v20.10 - https:\/\/yoast.com\/wordpress\/plugins\/seo\/ -->\n<title>Servicios - V y C Obras Civiles<\/title>\n<meta name=\"robots\" content=\"index, follow, max-snippet:-1, max-image-preview:large, max-video-preview:-1\" \/>\n<link rel=\"canonical\" href=\"https:\/\/vycobrasciviles.cl\/?page_id=1181\" \/>\n<meta property=\"og:locale\" content=\"es_ES\" \/>\n<meta property=\"og:type\" content=\"article\" \/>\n<meta property=\"og:title\" content=\"Servicios - V y C Obras Civiles\" \/>\n<meta property=\"og:description\" content=\"Servicios Nuestros Servicios Obras Civiles Construcci\u00f3n de infraestructuras s\u00f3lidas y funcionales. Ingenier\u00eda El\u00e9ctrica Soluciones innovadoras en instalaciones el\u00e9ctricas. Obras Sanitarias Suministro seguro de agua y manejo de aguas residuales. Proyectos Mineros Explotaci\u00f3n y procesamiento responsable de minerales.\u200b\u200b\u200b Climatizaci\u00f3n Ambientes confortables y eficientes en edificaciones. Pavimentaci\u00f3n Superficies duraderas y seguras para la circulaci\u00f3n..\u200b\u200b\u200b\" \/>\n<meta property=\"og:url\" content=\"https:\/\/vycobrasciviles.cl\/?page_id=1181\" \/>\n<meta property=\"og:site_name\" content=\"V y C Obras Civiles\" \/>\n<meta property=\"article:modified_time\" content=\"2023-07-09T20:13:13+00:00\" \/>\n<meta property=\"og:image\" content=\"https:\/\/vycobrasciviles.cl\/wp-content\/uploads\/2021\/03\/system-man.png\" \/>\n<meta name=\"twitter:card\" content=\"summary_large_image\" \/>\n<meta name=\"twitter:label1\" content=\"Tiempo de lectura\" \/>\n\t<meta name=\"twitter:data1\" content=\"2 minutos\" \/>\n<script type=\"application\/ld+json\" class=\"yoast-schema-graph\">{\"@context\":\"https:\/\/schema.org\",\"@graph\":[{\"@type\":\"WebPage\",\"@id\":\"https:\/\/vycobrasciviles.cl\/?page_id=1181\",\"url\":\"https:\/\/vycobrasciviles.cl\/?page_id=1181\",\"name\":\"Servicios - V y C Obras Civiles\",\"isPartOf\":{\"@id\":\"https:\/\/vycobrasciviles.cl\/#website\"},\"datePublished\":\"2018-06-07T05:37:15+00:00\",\"dateModified\":\"2023-07-09T20:13:13+00:00\",\"breadcrumb\":{\"@id\":\"https:\/\/vycobrasciviles.cl\/?page_id=1181#breadcrumb\"},\"inLanguage\":\"es\",\"potentialAction\":[{\"@type\":\"ReadAction\",\"target\":[\"https:\/\/vycobrasciviles.cl\/?page_id=1181\"]}]},{\"@type\":\"BreadcrumbList\",\"@id\":\"https:\/\/vycobrasciviles.cl\/?page_id=1181#breadcrumb\",\"itemListElement\":[{\"@type\":\"ListItem\",\"position\":1,\"name\":\"Portada\",\"item\":\"https:\/\/vycobrasciviles.cl\/\"},{\"@type\":\"ListItem\",\"position\":2,\"name\":\"Servicios\"}]},{\"@type\":\"WebSite\",\"@id\":\"https:\/\/vycobrasciviles.cl\/#website\",\"url\":\"https:\/\/vycobrasciviles.cl\/\",\"name\":\"V y C Obras Civiles\",\"description\":\"\",\"publisher\":{\"@id\":\"https:\/\/vycobrasciviles.cl\/#organization\"},\"potentialAction\":[{\"@type\":\"SearchAction\",\"target\":{\"@type\":\"EntryPoint\",\"urlTemplate\":\"https:\/\/vycobrasciviles.cl\/?s={search_term_string}\"},\"query-input\":\"required name=search_term_string\"}],\"inLanguage\":\"es\"},{\"@type\":\"Organization\",\"@id\":\"https:\/\/vycobrasciviles.cl\/#organization\",\"name\":\"V y C Obras Civiles\",\"url\":\"https:\/\/vycobrasciviles.cl\/\",\"logo\":{\"@type\":\"ImageObject\",\"inLanguage\":\"es\",\"@id\":\"https:\/\/vycobrasciviles.cl\/#\/schema\/logo\/image\/\",\"url\":\"https:\/\/vycobrasciviles.cl\/wp-content\/uploads\/2023\/05\/logo-V-C-transparente2.png\",\"contentUrl\":\"https:\/\/vycobrasciviles.cl\/wp-content\/uploads\/2023\/05\/logo-V-C-transparente2.png\",\"width\":2835,\"height\":2835,\"caption\":\"V y C  Obras Civiles\"},\"image\":{\"@id\":\"https:\/\/vycobrasciviles.cl\/#\/schema\/logo\/image\/\"}}]}<\/script>\n<!-- \/ Yoast SEO plugin. -->","yoast_head_json":{"title":"Servicios - V y C Obras Civiles","robots":{"index":"index","follow":"follow","max-snippet":"max-snippet:-1","max-image-preview":"max-image-preview:large","max-video-preview":"max-video-preview:-1"},"canonical":"https:\/\/vycobrasciviles.cl\/?page_id=1181","og_locale":"es_ES","og_type":"article","og_title":"Servicios - V y C Obras Civiles","og_description":"Servicios Nuestros Servicios Obras Civiles Construcci\u00f3n de infraestructuras s\u00f3lidas y funcionales. Ingenier\u00eda El\u00e9ctrica Soluciones innovadoras en instalaciones el\u00e9ctricas. Obras Sanitarias Suministro seguro de agua y manejo de aguas residuales. Proyectos Mineros Explotaci\u00f3n y procesamiento responsable de minerales.\u200b\u200b\u200b Climatizaci\u00f3n Ambientes confortables y eficientes en edificaciones. Pavimentaci\u00f3n Superficies duraderas y seguras para la circulaci\u00f3n..\u200b\u200b\u200b","og_url":"https:\/\/vycobrasciviles.cl\/?page_id=1181","og_site_name":"V y C Obras Civiles","article_modified_time":"2023-07-09T20:13:13+00:00","og_image":[{"url":"https:\/\/vycobrasciviles.cl\/wp-content\/uploads\/2021\/03\/system-man.png"}],"twitter_card":"summary_large_image","twitter_misc":{"Tiempo de lectura":"2 minutos"},"schema":{"@context":"https:\/\/schema.org","@graph":[{"@type":"WebPage","@id":"https:\/\/vycobrasciviles.cl\/?page_id=1181","url":"https:\/\/vycobrasciviles.cl\/?page_id=1181","name":"Servicios - V y C Obras Civiles","isPartOf":{"@id":"https:\/\/vycobrasciviles.cl\/#website"},"datePublished":"2018-06-07T05:37:15+00:00","dateModified":"2023-07-09T20:13:13+00:00","breadcrumb":{"@id":"https:\/\/vycobrasciviles.cl\/?page_id=1181#breadcrumb"},"inLanguage":"es","potentialAction":[{"@type":"ReadAction","target":["https:\/\/vycobrasciviles.cl\/?page_id=1181"]}]},{"@type":"BreadcrumbList","@id":"https:\/\/vycobrasciviles.cl\/?page_id=1181#breadcrumb","itemListElement":[{"@type":"ListItem","position":1,"name":"Portada","item":"https:\/\/vycobrasciviles.cl\/"},{"@type":"ListItem","position":2,"name":"Servicios"}]},{"@type":"WebSite","@id":"https:\/\/vycobrasciviles.cl\/#website","url":"https:\/\/vycobrasciviles.cl\/","name":"V y C Obras Civiles","description":"","publisher":{"@id":"https:\/\/vycobrasciviles.cl\/#organization"},"potentialAction":[{"@type":"SearchAction","target":{"@type":"EntryPoint","urlTemplate":"https:\/\/vycobrasciviles.cl\/?s={search_term_string}"},"query-input":"required name=search_term_string"}],"inLanguage":"es"},{"@type":"Organization","@id":"https:\/\/vycobrasciviles.cl\/#organization","name":"V y C Obras Civiles","url":"https:\/\/vycobrasciviles.cl\/","logo":{"@type":"ImageObject","inLanguage":"es","@id":"https:\/\/vycobrasciviles.cl\/#\/schema\/logo\/image\/","url":"https:\/\/vycobrasciviles.cl\/wp-content\/uploads\/2023\/05\/logo-V-C-transparente2.png","contentUrl":"https:\/\/vycobrasciviles.cl\/wp-content\/uploads\/2023\/05\/logo-V-C-transparente2.png","width":2835,"height":2835,"caption":"V y C  Obras Civiles"},"image":{"@id":"https:\/\/vycobrasciviles.cl\/#\/schema\/logo\/image\/"}}]}},"uagb_featured_image_src":{"full":false,"thumbnail":false,"medium":false,"medium_large":false,"large":false,"1536x1536":false,"2048x2048":false},"uagb_author_info":{"display_name":"admin","author_link":"https:\/\/vycobrasciviles.cl\/?author=1"},"uagb_comment_info":0,"uagb_excerpt":"Servicios Nuestros Servicios Obras Civiles Construcci\u00f3n de infraestructuras s\u00f3lidas y funcionales. Ingenier\u00eda El\u00e9ctrica Soluciones innovadoras en instalaciones el\u00e9ctricas. Obras Sanitarias Suministro seguro de agua y manejo de aguas residuales. Proyectos Mineros Explotaci\u00f3n y procesamiento responsable de minerales.\u200b\u200b\u200b Climatizaci\u00f3n Ambientes confortables y eficientes en edificaciones. Pavimentaci\u00f3n Superficies duraderas y seguras para la circulaci\u00f3n..\u200b\u200b\u200b","_links":{"self":[{"href":"https:\/\/vycobrasciviles.cl\/index.php?rest_route=\/wp\/v2\/pages\/1181","targetHints":{"allow":["GET"]}}],"collection":[{"href":"https:\/\/vycobrasciviles.cl\/index.php?rest_route=\/wp\/v2\/pages"}],"about":[{"href":"https:\/\/vycobrasciviles.cl\/index.php?rest_route=\/wp\/v2\/types\/page"}],"author":[{"embeddable":true,"href":"https:\/\/vycobrasciviles.cl\/index.php?rest_route=\/wp\/v2\/users\/1"}],"replies":[{"embeddable":true,"href":"https:\/\/vycobrasciviles.cl\/index.php?rest_route=%2Fwp%2Fv2%2Fcomments&post=1181"}],"version-history":[{"count":15,"href":"https:\/\/vycobrasciviles.cl\/index.php?rest_route=\/wp\/v2\/pages\/1181\/revisions"}],"predecessor-version":[{"id":1357,"href":"https:\/\/vycobrasciviles.cl\/index.php?rest_route=\/wp\/v2\/pages\/1181\/revisions\/1357"}],"wp:attachment":[{"href":"https:\/\/vycobrasciviles.cl\/index.php?rest_route=%2Fwp%2Fv2%2Fmedia&parent=1181"}],"curies":[{"name":"wp","href":"https:\/\/api.w.org\/{rel}","templated":true}]}}